{"id":914,"date":"2019-09-17T22:01:19","date_gmt":"2019-09-17T20:01:19","guid":{"rendered":"http:\/\/holzlabor.org\/?page_id=914"},"modified":"2026-03-03T09:11:30","modified_gmt":"2026-03-03T08:11:30","slug":"medien_impressionen","status":"publish","type":"page","link":"https:\/\/holzlabor.org\/fr\/wir\/medien_impressionen\/","title":{"rendered":"Impressionen &#038; Medien"},"content":{"rendered":"\n<h2 class=\"wp-block-heading has-text-align-left\">Impressionen<\/h2>\n\n\n\n<figure class=\"wp-block-image size-large\"><img loading=\"lazy\" decoding=\"async\" width=\"1024\" height=\"775\" src=\"https:\/\/holzlabor.org\/wp-content\/uploads\/2025\/02\/2025_0122_17572100-scaled-e1740173487943-1024x775.jpg\" alt=\"\" class=\"wp-image-2352\" srcset=\"https:\/\/holzlabor.org\/wp-content\/uploads\/2025\/02\/2025_0122_17572100-scaled-e1740173487943-1024x775.jpg 1024w, https:\/\/holzlabor.org\/wp-content\/uploads\/2025\/02\/2025_0122_17572100-scaled-e1740173487943-300x227.jpg 300w, https:\/\/holzlabor.org\/wp-content\/uploads\/2025\/02\/2025_0122_17572100-scaled-e1740173487943-768x581.jpg 768w, https:\/\/holzlabor.org\/wp-content\/uploads\/2025\/02\/2025_0122_17572100-scaled-e1740173487943-1536x1163.jpg 1536w, https:\/\/holzlabor.org\/wp-content\/uploads\/2025\/02\/2025_0122_17572100-scaled-e1740173487943-500x378.jpg 500w, https:\/\/holzlabor.org\/wp-content\/uploads\/2025\/02\/2025_0122_17572100-scaled-e1740173487943-800x606.jpg 800w, https:\/\/holzlabor.org\/wp-content\/uploads\/2025\/02\/2025_0122_17572100-scaled-e1740173487943-1280x969.jpg 1280w, https:\/\/holzlabor.org\/wp-content\/uploads\/2025\/02\/2025_0122_17572100-scaled-e1740173487943-1920x1453.jpg 1920w, https:\/\/holzlabor.org\/wp-content\/uploads\/2025\/02\/2025_0122_17572100-scaled-e1740173487943-357x270.jpg 357w, https:\/\/holzlabor.org\/wp-content\/uploads\/2025\/02\/2025_0122_17572100-scaled-e1740173487943.jpg 1950w\" sizes=\"auto, (max-width: 1024px) 100vw, 1024px\" \/><figcaption class=\"wp-element-caption\">Oberlichtwagen im alten Busdepot<\/figcaption><\/figure>\n\n\n\n<figure class=\"wp-block-image size-large\"><img loading=\"lazy\" decoding=\"async\" width=\"1024\" height=\"735\" src=\"https:\/\/holzlabor.org\/wp-content\/uploads\/2025\/03\/Wagenhalle6edit-1024x735.jpg\" alt=\"\" class=\"wp-image-2625\" srcset=\"https:\/\/holzlabor.org\/wp-content\/uploads\/2025\/03\/Wagenhalle6edit-1024x735.jpg 1024w, https:\/\/holzlabor.org\/wp-content\/uploads\/2025\/03\/Wagenhalle6edit-300x215.jpg 300w, https:\/\/holzlabor.org\/wp-content\/uploads\/2025\/03\/Wagenhalle6edit-768x552.jpg 768w, https:\/\/holzlabor.org\/wp-content\/uploads\/2025\/03\/Wagenhalle6edit-1536x1103.jpg 1536w, https:\/\/holzlabor.org\/wp-content\/uploads\/2025\/03\/Wagenhalle6edit-2048x1471.jpg 2048w, https:\/\/holzlabor.org\/wp-content\/uploads\/2025\/03\/Wagenhalle6edit-500x359.jpg 500w, https:\/\/holzlabor.org\/wp-content\/uploads\/2025\/03\/Wagenhalle6edit-800x575.jpg 800w, https:\/\/holzlabor.org\/wp-content\/uploads\/2025\/03\/Wagenhalle6edit-1280x919.jpg 1280w, https:\/\/holzlabor.org\/wp-content\/uploads\/2025\/03\/Wagenhalle6edit-1920x1379.jpg 1920w, https:\/\/holzlabor.org\/wp-content\/uploads\/2025\/03\/Wagenhalle6edit-376x270.jpg 376w\" sizes=\"auto, (max-width: 1024px) 100vw, 1024px\" \/><figcaption class=\"wp-element-caption\">7m Wagen an seinem Bauplatz<\/figcaption><\/figure>\n\n\n\n<figure class=\"wp-block-image size-large is-resized\"><img loading=\"lazy\" decoding=\"async\" width=\"768\" height=\"1024\" src=\"https:\/\/holzlabor.org\/wp-content\/uploads\/2025\/02\/IMG_20240520_143542_638-768x1024.jpg\" alt=\"\" class=\"wp-image-2441\" style=\"width:840px;height:auto\" srcset=\"https:\/\/holzlabor.org\/wp-content\/uploads\/2025\/02\/IMG_20240520_143542_638-768x1024.jpg 768w, https:\/\/holzlabor.org\/wp-content\/uploads\/2025\/02\/IMG_20240520_143542_638-225x300.jpg 225w, https:\/\/holzlabor.org\/wp-content\/uploads\/2025\/02\/IMG_20240520_143542_638-500x667.jpg 500w, https:\/\/holzlabor.org\/wp-content\/uploads\/2025\/02\/IMG_20240520_143542_638-800x1067.jpg 800w, https:\/\/holzlabor.org\/wp-content\/uploads\/2025\/02\/IMG_20240520_143542_638-203x270.jpg 203w, https:\/\/holzlabor.org\/wp-content\/uploads\/2025\/02\/IMG_20240520_143542_638.jpg 960w\" sizes=\"auto, (max-width: 768px) 100vw, 768px\" \/><\/figure>\n\n\n\n<figure class=\"wp-block-image size-large\"><img loading=\"lazy\" decoding=\"async\" width=\"1024\" height=\"683\" src=\"https:\/\/holzlabor.org\/wp-content\/uploads\/2025\/02\/230814_HOLZ_Dachaufrichte_0462-1024x683.jpg\" alt=\"\" class=\"wp-image-2432\" srcset=\"https:\/\/holzlabor.org\/wp-content\/uploads\/2025\/02\/230814_HOLZ_Dachaufrichte_0462-1024x683.jpg 1024w, https:\/\/holzlabor.org\/wp-content\/uploads\/2025\/02\/230814_HOLZ_Dachaufrichte_0462-300x200.jpg 300w, https:\/\/holzlabor.org\/wp-content\/uploads\/2025\/02\/230814_HOLZ_Dachaufrichte_0462-768x512.jpg 768w, https:\/\/holzlabor.org\/wp-content\/uploads\/2025\/02\/230814_HOLZ_Dachaufrichte_0462-1536x1024.jpg 1536w, https:\/\/holzlabor.org\/wp-content\/uploads\/2025\/02\/230814_HOLZ_Dachaufrichte_0462-2048x1365.jpg 2048w, https:\/\/holzlabor.org\/wp-content\/uploads\/2025\/02\/230814_HOLZ_Dachaufrichte_0462-500x333.jpg 500w, https:\/\/holzlabor.org\/wp-content\/uploads\/2025\/02\/230814_HOLZ_Dachaufrichte_0462-800x533.jpg 800w, https:\/\/holzlabor.org\/wp-content\/uploads\/2025\/02\/230814_HOLZ_Dachaufrichte_0462-1280x853.jpg 1280w, https:\/\/holzlabor.org\/wp-content\/uploads\/2025\/02\/230814_HOLZ_Dachaufrichte_0462-1920x1280.jpg 1920w, https:\/\/holzlabor.org\/wp-content\/uploads\/2025\/02\/230814_HOLZ_Dachaufrichte_0462-405x270.jpg 405w\" sizes=\"auto, (max-width: 1024px) 100vw, 1024px\" \/><\/figure>\n\n\n\n<figure class=\"wp-block-image size-large\"><img loading=\"lazy\" decoding=\"async\" width=\"1024\" height=\"768\" src=\"https:\/\/holzlabor.org\/wp-content\/uploads\/2020\/11\/20200921_144029_50p-1024x768.jpg\" alt=\"\" class=\"wp-image-1082\" srcset=\"https:\/\/holzlabor.org\/wp-content\/uploads\/2020\/11\/20200921_144029_50p-1024x768.jpg 1024w, https:\/\/holzlabor.org\/wp-content\/uploads\/2020\/11\/20200921_144029_50p-300x225.jpg 300w, https:\/\/holzlabor.org\/wp-content\/uploads\/2020\/11\/20200921_144029_50p-768x576.jpg 768w, https:\/\/holzlabor.org\/wp-content\/uploads\/2020\/11\/20200921_144029_50p-1536x1152.jpg 1536w, https:\/\/holzlabor.org\/wp-content\/uploads\/2020\/11\/20200921_144029_50p-2048x1536.jpg 2048w, https:\/\/holzlabor.org\/wp-content\/uploads\/2020\/11\/20200921_144029_50p-360x270.jpg 360w\" sizes=\"auto, (max-width: 1024px) 100vw, 1024px\" \/><figcaption class=\"wp-element-caption\">K\u00fcchenwagen <em>Les Rois Vagabond<\/em><\/figcaption><\/figure>\n\n\n\n<figure class=\"wp-block-image size-large is-resized\"><img loading=\"lazy\" decoding=\"async\" width=\"768\" height=\"1024\" src=\"https:\/\/holzlabor.org\/wp-content\/uploads\/2020\/11\/IMG_20201001_181728_50p-768x1024.jpg\" alt=\"\" class=\"wp-image-1188\" style=\"width:839px;height:auto\" srcset=\"https:\/\/holzlabor.org\/wp-content\/uploads\/2020\/11\/IMG_20201001_181728_50p-768x1024.jpg 768w, https:\/\/holzlabor.org\/wp-content\/uploads\/2020\/11\/IMG_20201001_181728_50p-225x300.jpg 225w, https:\/\/holzlabor.org\/wp-content\/uploads\/2020\/11\/IMG_20201001_181728_50p-500x667.jpg 500w, https:\/\/holzlabor.org\/wp-content\/uploads\/2020\/11\/IMG_20201001_181728_50p-800x1067.jpg 800w, https:\/\/holzlabor.org\/wp-content\/uploads\/2020\/11\/IMG_20201001_181728_50p-1280x1707.jpg 1280w, https:\/\/holzlabor.org\/wp-content\/uploads\/2020\/11\/IMG_20201001_181728_50p-1152x1536.jpg 1152w, https:\/\/holzlabor.org\/wp-content\/uploads\/2020\/11\/IMG_20201001_181728_50p-1536x2048.jpg 1536w, https:\/\/holzlabor.org\/wp-content\/uploads\/2020\/11\/IMG_20201001_181728_50p-203x270.jpg 203w, https:\/\/holzlabor.org\/wp-content\/uploads\/2020\/11\/IMG_20201001_181728_50p-rotated.jpg 1728w\" sizes=\"auto, (max-width: 768px) 100vw, 768px\" \/><\/figure>\n\n\n\n<figure class=\"wp-block-image size-large\"><img loading=\"lazy\" decoding=\"async\" width=\"1024\" height=\"768\" src=\"https:\/\/holzlabor.org\/wp-content\/uploads\/2017\/08\/IMG_6792-1024x768.jpg\" alt=\"\" class=\"wp-image-93\" srcset=\"https:\/\/holzlabor.org\/wp-content\/uploads\/2017\/08\/IMG_6792-1024x768.jpg 1024w, https:\/\/holzlabor.org\/wp-content\/uploads\/2017\/08\/IMG_6792-300x225.jpg 300w, https:\/\/holzlabor.org\/wp-content\/uploads\/2017\/08\/IMG_6792-768x576.jpg 768w, https:\/\/holzlabor.org\/wp-content\/uploads\/2017\/08\/IMG_6792-1200x900.jpg 1200w, https:\/\/holzlabor.org\/wp-content\/uploads\/2017\/08\/IMG_6792.jpg 1280w\" sizes=\"auto, (max-width: 1024px) 100vw, 1024px\" \/><figcaption class=\"wp-element-caption\">&#8220;Seit 2011 ist unser 10m-Zirkuswagen unser Zuhause. Zu viert leben wir darin. Als Familienwagen hat er schon verschiedene Phasen erlebt. F\u00fcr alle Entwicklungsschritte und Verwandlungen war er immer perfekt in der Grundausstattung. Mit Detailanpassungen konnte er den aktuellen Bed\u00fcrfnissen angepasst werden. Eine vollst\u00e4ndige, grossz\u00fcgige K\u00fcche ist eingebaut. Ein kleines Badezimmer mit Badewanne und einem herk\u00f6mmlichen WC ist vorhanden, mit einer Schiebet\u00fcre abgetrennt vom restlichen Raum. Ab 2021 haben wir den Wohnraum erweitert durch ein Zimmer im Haus nebenan. Der Wagen ist immer Lebensmittelpunkt geblieben.Die Idee vom Wagenleben ist von uns beiden ein Kindheitstraum. Wir sind fasziniert vom Zirkus, m\u00f6chten ein fahrbares Heim haben und den Materialbesitz reduzieren.Mit viel Gl\u00fcck haben wir einen idealen Standort gefunden, mit Anschluss an eine WG im Haus nebenan.F\u00fcr eine Zirkustourn\u00e9e waren wir sechs Monate mit unserem Zuhause unterwegs in der Deutschschweiz. Dieses Erlebnis hat unsere Idee vom Wagenleben vervollst\u00e4ndigt.&#8221;<br>-Bettina Sch\u00e4ppi >> http:\/\/www.schaeppigarten.ch\/&#8221;<\/figcaption><\/figure>\n\n\n\n<figure class=\"wp-block-image size-large\"><img loading=\"lazy\" decoding=\"async\" width=\"768\" height=\"1024\" src=\"https:\/\/holzlabor.org\/wp-content\/uploads\/2017\/08\/IMG_20161205_102903-768x1024.jpg\" alt=\"\" class=\"wp-image-129\" srcset=\"https:\/\/holzlabor.org\/wp-content\/uploads\/2017\/08\/IMG_20161205_102903-768x1024.jpg 768w, https:\/\/holzlabor.org\/wp-content\/uploads\/2017\/08\/IMG_20161205_102903-225x300.jpg 225w, https:\/\/holzlabor.org\/wp-content\/uploads\/2017\/08\/IMG_20161205_102903-1200x1600.jpg 1200w\" sizes=\"auto, (max-width: 768px) 100vw, 768px\" \/><figcaption class=\"wp-element-caption\">Mobile Backstube, Marktplatz Basel<\/figcaption><\/figure>\n\n\n\n<figure class=\"wp-block-image\"><img loading=\"lazy\" decoding=\"async\" width=\"1024\" height=\"768\" src=\"http:\/\/holzlabor.org\/wp-content\/uploads\/2019\/05\/IMG_7149-1024x768.jpg\" alt=\"\" class=\"wp-image-717\" srcset=\"https:\/\/holzlabor.org\/wp-content\/uploads\/2019\/05\/IMG_7149-1024x768.jpg 1024w, https:\/\/holzlabor.org\/wp-content\/uploads\/2019\/05\/IMG_7149-300x225.jpg 300w, https:\/\/holzlabor.org\/wp-content\/uploads\/2019\/05\/IMG_7149-768x576.jpg 768w, https:\/\/holzlabor.org\/wp-content\/uploads\/2019\/05\/IMG_7149-1200x900.jpg 1200w\" sizes=\"auto, (max-width: 1024px) 100vw, 1024px\" \/><figcaption class=\"wp-element-caption\">K\u00fcchenwagen <em>Zirkus Chnopf<\/em><\/figcaption><\/figure>\n\n\n\n<figure class=\"wp-block-image size-large\"><img loading=\"lazy\" decoding=\"async\" width=\"1024\" height=\"681\" src=\"https:\/\/holzlabor.org\/wp-content\/uploads\/2021\/10\/bp_6817-1024x681.jpg\" alt=\"\" class=\"wp-image-1530\" srcset=\"https:\/\/holzlabor.org\/wp-content\/uploads\/2021\/10\/bp_6817-1024x681.jpg 1024w, https:\/\/holzlabor.org\/wp-content\/uploads\/2021\/10\/bp_6817-300x200.jpg 300w, https:\/\/holzlabor.org\/wp-content\/uploads\/2021\/10\/bp_6817-768x511.jpg 768w, https:\/\/holzlabor.org\/wp-content\/uploads\/2021\/10\/bp_6817-1536x1022.jpg 1536w, https:\/\/holzlabor.org\/wp-content\/uploads\/2021\/10\/bp_6817-2048x1363.jpg 2048w, https:\/\/holzlabor.org\/wp-content\/uploads\/2021\/10\/bp_6817-500x333.jpg 500w, https:\/\/holzlabor.org\/wp-content\/uploads\/2021\/10\/bp_6817-800x532.jpg 800w, https:\/\/holzlabor.org\/wp-content\/uploads\/2021\/10\/bp_6817-1280x852.jpg 1280w, https:\/\/holzlabor.org\/wp-content\/uploads\/2021\/10\/bp_6817-1920x1278.jpg 1920w, https:\/\/holzlabor.org\/wp-content\/uploads\/2021\/10\/bp_6817-406x270.jpg 406w\" sizes=\"auto, (max-width: 1024px) 100vw, 1024px\" \/><\/figure>\n\n\n\n<hr class=\"wp-block-separator has-alpha-channel-opacity\"\/>\n\n\n\n<div style=\"height:100px\" aria-hidden=\"true\" class=\"wp-block-spacer\"><\/div>\n\n\n\n<h2 class=\"wp-block-heading has-text-align-left\">Medien<\/h2>\n\n\n\n<div data-wp-interactive=\"core\/file\" class=\"wp-block-file\"><object data-wp-bind--hidden=\"!state.hasPdfPreview\" hidden class=\"wp-block-file__embed\" data=\"https:\/\/holzlabor.org\/wp-content\/uploads\/2025\/03\/Auf-ein-mit-Coucou-N\u00b0132-Dezember-2024-1.pdf\" type=\"application\/pdf\" style=\"width:100%;height:600px\" aria-label=\"Contenu embarqu\u00e9 Auf ein mit Coucou N\u00b0132 Dezember 2024.\"><\/object><a id=\"wp-block-file--media-2a6ff364-29a4-491b-8920-a41ce50b6450\" href=\"https:\/\/holzlabor.org\/wp-content\/uploads\/2025\/03\/Auf-ein-mit-Coucou-N\u00b0132-Dezember-2024-1.pdf\">Auf ein mit Coucou N\u00b0132 Dezember 2024<\/a><a href=\"https:\/\/holzlabor.org\/wp-content\/uploads\/2025\/03\/Auf-ein-mit-Coucou-N\u00b0132-Dezember-2024-1.pdf\" class=\"wp-block-file__button wp-element-button\" download aria-describedby=\"wp-block-file--media-2a6ff364-29a4-491b-8920-a41ce50b6450\">Herunterladen<\/a><\/div>\n\n\n\n<div data-wp-interactive=\"core\/file\" class=\"wp-block-file\"><object data-wp-bind--hidden=\"!state.hasPdfPreview\" hidden class=\"wp-block-file__embed\" data=\"https:\/\/holzlabor.org\/wp-content\/uploads\/2024\/03\/Zirkuswagen.pdf\" type=\"application\/pdf\" style=\"width:100%;height:600px\" aria-label=\"Contenu embarqu\u00e9 Zirkuswagen.\"><\/object><a id=\"wp-block-file--media-3a731d60-9f07-41f2-9783-398afd205fd0\" href=\"https:\/\/holzlabor.org\/wp-content\/uploads\/2024\/03\/Zirkuswagen.pdf\">Zirkuswagen<\/a><a href=\"https:\/\/holzlabor.org\/wp-content\/uploads\/2024\/03\/Zirkuswagen.pdf\" class=\"wp-block-file__button wp-element-button\" download aria-describedby=\"wp-block-file--media-3a731d60-9f07-41f2-9783-398afd205fd0\">Herunterladen<\/a><\/div>\n\n\n<div class=\"wp-block-image\">\n<figure class=\"aligncenter size-full is-resized\"><img loading=\"lazy\" decoding=\"async\" width=\"640\" height=\"909\" src=\"https:\/\/holzlabor.org\/wp-content\/uploads\/2024\/03\/Casa_Nostra-2.jpg\" alt=\"\" class=\"wp-image-2217\" style=\"width:782px;height:auto\" srcset=\"https:\/\/holzlabor.org\/wp-content\/uploads\/2024\/03\/Casa_Nostra-2.jpg 640w, https:\/\/holzlabor.org\/wp-content\/uploads\/2024\/03\/Casa_Nostra-2-211x300.jpg 211w, https:\/\/holzlabor.org\/wp-content\/uploads\/2024\/03\/Casa_Nostra-2-500x710.jpg 500w, https:\/\/holzlabor.org\/wp-content\/uploads\/2024\/03\/Casa_Nostra-2-190x270.jpg 190w\" sizes=\"auto, (max-width: 640px) 100vw, 640px\" \/><figcaption class=\"wp-element-caption\">Artikel im Casa Nostra, November 2022.<\/figcaption><\/figure>\n<\/div>\n\n\n<p class=\"has-text-align-center has-large-font-size\"><strong>*<\/strong><\/p>\n\n\n<div class=\"wp-block-image\">\n<figure class=\"aligncenter size-large\"><img loading=\"lazy\" decoding=\"async\" width=\"691\" height=\"1024\" src=\"https:\/\/holzlabor.org\/wp-content\/uploads\/2022\/10\/lb_20220728_0_0_4-691x1024.jpg\" alt=\"\" class=\"wp-image-1797\" srcset=\"https:\/\/holzlabor.org\/wp-content\/uploads\/2022\/10\/lb_20220728_0_0_4-691x1024.jpg 691w, https:\/\/holzlabor.org\/wp-content\/uploads\/2022\/10\/lb_20220728_0_0_4-202x300.jpg 202w, https:\/\/holzlabor.org\/wp-content\/uploads\/2022\/10\/lb_20220728_0_0_4-768x1138.jpg 768w, https:\/\/holzlabor.org\/wp-content\/uploads\/2022\/10\/lb_20220728_0_0_4-1036x1536.jpg 1036w, https:\/\/holzlabor.org\/wp-content\/uploads\/2022\/10\/lb_20220728_0_0_4-500x741.jpg 500w, https:\/\/holzlabor.org\/wp-content\/uploads\/2022\/10\/lb_20220728_0_0_4-800x1186.jpg 800w, https:\/\/holzlabor.org\/wp-content\/uploads\/2022\/10\/lb_20220728_0_0_4-182x270.jpg 182w, https:\/\/holzlabor.org\/wp-content\/uploads\/2022\/10\/lb_20220728_0_0_4.jpg 1248w\" sizes=\"auto, (max-width: 691px) 100vw, 691px\" \/><\/figure>\n<\/div>\n\n<div class=\"wp-block-image\">\n<figure class=\"aligncenter size-large\"><img loading=\"lazy\" decoding=\"async\" width=\"691\" height=\"1024\" src=\"https:\/\/holzlabor.org\/wp-content\/uploads\/2022\/10\/lb_20220728_0_0_3-691x1024.jpg\" alt=\"\" class=\"wp-image-1798\" srcset=\"https:\/\/holzlabor.org\/wp-content\/uploads\/2022\/10\/lb_20220728_0_0_3-691x1024.jpg 691w, https:\/\/holzlabor.org\/wp-content\/uploads\/2022\/10\/lb_20220728_0_0_3-202x300.jpg 202w, https:\/\/holzlabor.org\/wp-content\/uploads\/2022\/10\/lb_20220728_0_0_3-768x1138.jpg 768w, https:\/\/holzlabor.org\/wp-content\/uploads\/2022\/10\/lb_20220728_0_0_3-1036x1536.jpg 1036w, https:\/\/holzlabor.org\/wp-content\/uploads\/2022\/10\/lb_20220728_0_0_3-500x741.jpg 500w, https:\/\/holzlabor.org\/wp-content\/uploads\/2022\/10\/lb_20220728_0_0_3-800x1186.jpg 800w, https:\/\/holzlabor.org\/wp-content\/uploads\/2022\/10\/lb_20220728_0_0_3-182x270.jpg 182w, https:\/\/holzlabor.org\/wp-content\/uploads\/2022\/10\/lb_20220728_0_0_3.jpg 1248w\" sizes=\"auto, (max-width: 691px) 100vw, 691px\" \/><figcaption class=\"wp-element-caption\">Feature im Artikel vom Landbot Juli &#8217;22<\/figcaption><\/figure>\n<\/div>\n\n<div class=\"wp-block-image\">\n<figure class=\"aligncenter size-large\"><img loading=\"lazy\" decoding=\"async\" width=\"759\" height=\"1024\" src=\"https:\/\/holzlabor.org\/wp-content\/uploads\/2022\/01\/coucou-1-759x1024.jpg\" alt=\"\" class=\"wp-image-1584\" srcset=\"https:\/\/holzlabor.org\/wp-content\/uploads\/2022\/01\/coucou-1-759x1024.jpg 759w, https:\/\/holzlabor.org\/wp-content\/uploads\/2022\/01\/coucou-1-222x300.jpg 222w, https:\/\/holzlabor.org\/wp-content\/uploads\/2022\/01\/coucou-1-768x1036.jpg 768w, https:\/\/holzlabor.org\/wp-content\/uploads\/2022\/01\/coucou-1-1138x1536.jpg 1138w, https:\/\/holzlabor.org\/wp-content\/uploads\/2022\/01\/coucou-1-1518x2048.jpg 1518w, https:\/\/holzlabor.org\/wp-content\/uploads\/2022\/01\/coucou-1-500x675.jpg 500w, https:\/\/holzlabor.org\/wp-content\/uploads\/2022\/01\/coucou-1-800x1080.jpg 800w, https:\/\/holzlabor.org\/wp-content\/uploads\/2022\/01\/coucou-1-1280x1727.jpg 1280w, https:\/\/holzlabor.org\/wp-content\/uploads\/2022\/01\/coucou-1-1920x2591.jpg 1920w, https:\/\/holzlabor.org\/wp-content\/uploads\/2022\/01\/coucou-1-200x270.jpg 200w, https:\/\/holzlabor.org\/wp-content\/uploads\/2022\/01\/coucou-1-scaled.jpg 1897w\" sizes=\"auto, (max-width: 759px) 100vw, 759px\" \/><\/figure>\n<\/div>\n\n<div class=\"wp-block-image\">\n<figure class=\"aligncenter size-large\"><img loading=\"lazy\" decoding=\"async\" width=\"762\" height=\"1024\" src=\"https:\/\/holzlabor.org\/wp-content\/uploads\/2022\/01\/coucou2-762x1024.jpg\" alt=\"\" class=\"wp-image-1585\" srcset=\"https:\/\/holzlabor.org\/wp-content\/uploads\/2022\/01\/coucou2-762x1024.jpg 762w, https:\/\/holzlabor.org\/wp-content\/uploads\/2022\/01\/coucou2-223x300.jpg 223w, https:\/\/holzlabor.org\/wp-content\/uploads\/2022\/01\/coucou2-768x1032.jpg 768w, https:\/\/holzlabor.org\/wp-content\/uploads\/2022\/01\/coucou2-1143x1536.jpg 1143w, https:\/\/holzlabor.org\/wp-content\/uploads\/2022\/01\/coucou2-1524x2048.jpg 1524w, https:\/\/holzlabor.org\/wp-content\/uploads\/2022\/01\/coucou2-500x672.jpg 500w, https:\/\/holzlabor.org\/wp-content\/uploads\/2022\/01\/coucou2-800x1075.jpg 800w, https:\/\/holzlabor.org\/wp-content\/uploads\/2022\/01\/coucou2-1280x1720.jpg 1280w, https:\/\/holzlabor.org\/wp-content\/uploads\/2022\/01\/coucou2-1920x2581.jpg 1920w, https:\/\/holzlabor.org\/wp-content\/uploads\/2022\/01\/coucou2-201x270.jpg 201w, https:\/\/holzlabor.org\/wp-content\/uploads\/2022\/01\/coucou2-scaled.jpg 1905w\" sizes=\"auto, (max-width: 762px) 100vw, 762px\" \/><figcaption class=\"wp-element-caption\">Artikel Coucou N\u00b073 &#8211; 02\/2019<\/figcaption><\/figure>\n<\/div>\n\n<div class=\"wp-block-image\">\n<figure class=\"aligncenter is-resized\"><a href=\"http:\/\/holzlabor.org\/wp-content\/uploads\/2019\/09\/2019-09-19-Landbote.pdf\"><img loading=\"lazy\" decoding=\"async\" width=\"264\" height=\"391\" src=\"http:\/\/holzlabor.org\/wp-content\/uploads\/2019\/09\/preview-landbote.jpg\" alt=\"\" class=\"wp-image-926\" style=\"width:299px;height:443px\" srcset=\"https:\/\/holzlabor.org\/wp-content\/uploads\/2019\/09\/preview-landbote.jpg 264w, https:\/\/holzlabor.org\/wp-content\/uploads\/2019\/09\/preview-landbote-203x300.jpg 203w, https:\/\/holzlabor.org\/wp-content\/uploads\/2019\/09\/preview-landbote-182x270.jpg 182w\" sizes=\"auto, (max-width: 264px) 100vw, 264px\" \/><\/a><figcaption class=\"wp-element-caption\">Der Landbote vom 19. September 2019<\/figcaption><\/figure>\n<\/div>\n\n<div class=\"wp-block-image\">\n<figure class=\"aligncenter is-resized\"><a href=\"http:\/\/holzlabor.org\/wp-content\/uploads\/2019\/09\/2019-08-29-Schreinerzeitung.pdf\"><img loading=\"lazy\" decoding=\"async\" width=\"264\" height=\"365\" src=\"http:\/\/holzlabor.org\/wp-content\/uploads\/2019\/09\/preview-schreinerzietung-1.jpg\" alt=\"\" class=\"wp-image-935\" style=\"width:314px;height:434px\" srcset=\"https:\/\/holzlabor.org\/wp-content\/uploads\/2019\/09\/preview-schreinerzietung-1.jpg 264w, https:\/\/holzlabor.org\/wp-content\/uploads\/2019\/09\/preview-schreinerzietung-1-217x300.jpg 217w, https:\/\/holzlabor.org\/wp-content\/uploads\/2019\/09\/preview-schreinerzietung-1-195x270.jpg 195w\" sizes=\"auto, (max-width: 264px) 100vw, 264px\" \/><\/a><figcaption class=\"wp-element-caption\">Schreinerzeitung vom 29. August 2019<\/figcaption><\/figure>\n<\/div>\n\n<div class=\"wp-block-image\">\n<figure class=\"aligncenter is-resized\"><a href=\"http:\/\/holzlabor.org\/wp-content\/uploads\/2019\/09\/2018-07-31-Andelfinger.pdf\"><img loading=\"lazy\" decoding=\"async\" width=\"267\" height=\"391\" src=\"http:\/\/holzlabor.org\/wp-content\/uploads\/2019\/09\/preview-andelfinger.jpg\" alt=\"\" class=\"wp-image-925\" style=\"width:328px;height:479px\" srcset=\"https:\/\/holzlabor.org\/wp-content\/uploads\/2019\/09\/preview-andelfinger.jpg 267w, https:\/\/holzlabor.org\/wp-content\/uploads\/2019\/09\/preview-andelfinger-205x300.jpg 205w, https:\/\/holzlabor.org\/wp-content\/uploads\/2019\/09\/preview-andelfinger-184x270.jpg 184w\" sizes=\"auto, (max-width: 267px) 100vw, 267px\" \/><\/a><figcaption class=\"wp-element-caption\">Andelfinger Zeitung vom 31. Juli 2018<\/figcaption><\/figure>\n<\/div>\n\n\n<hr class=\"wp-block-separator has-alpha-channel-opacity\"\/>\n\n\n\n<p><\/p>\n","protected":false},"excerpt":{"rendered":"<p>Impressionen Medien *<\/p>\n","protected":false},"author":1,"featured_media":0,"parent":21,"menu_order":0,"comment_status":"closed","ping_status":"closed","template":"","meta":{"_themeisle_gutenberg_block_has_review":false,"_vp_format_video_url":"","_vp_image_focal_point":[],"footnotes":""},"class_list":["post-914","page","type-page","status-publish","hentry"],"_links":{"self":[{"href":"https:\/\/holzlabor.org\/fr\/wp-json\/wp\/v2\/pages\/914","targetHints":{"allow":["GET"]}}],"collection":[{"href":"https:\/\/holzlabor.org\/fr\/wp-json\/wp\/v2\/pages"}],"about":[{"href":"https:\/\/holzlabor.org\/fr\/wp-json\/wp\/v2\/types\/page"}],"author":[{"embeddable":true,"href":"https:\/\/holzlabor.org\/fr\/wp-json\/wp\/v2\/users\/1"}],"replies":[{"embeddable":true,"href":"https:\/\/holzlabor.org\/fr\/wp-json\/wp\/v2\/comments?post=914"}],"version-history":[{"count":29,"href":"https:\/\/holzlabor.org\/fr\/wp-json\/wp\/v2\/pages\/914\/revisions"}],"predecessor-version":[{"id":3136,"href":"https:\/\/holzlabor.org\/fr\/wp-json\/wp\/v2\/pages\/914\/revisions\/3136"}],"up":[{"embeddable":true,"href":"https:\/\/holzlabor.org\/fr\/wp-json\/wp\/v2\/pages\/21"}],"wp:attachment":[{"href":"https:\/\/holzlabor.org\/fr\/wp-json\/wp\/v2\/media?parent=914"}],"curies":[{"name":"wp","href":"https:\/\/api.w.org\/{rel}","templated":true}]}}