{"id":454,"date":"2019-01-07T15:33:53","date_gmt":"2019-01-07T14:33:53","guid":{"rendered":"http:\/\/holzlabor.org\/?page_id=454"},"modified":"2026-03-05T11:32:03","modified_gmt":"2026-03-05T10:32:03","slug":"wer","status":"publish","type":"page","link":"https:\/\/holzlabor.org\/fr\/wir\/wer\/","title":{"rendered":"Wer"},"content":{"rendered":"\n<p>Wir sind Schreinerinnen und Schreiner. Zeitweise werden wir von Wandersgesell:Innen und Praktikant:Innen unterst\u00fctzt. Wir haben Freude am Handwerk, am Gestalten und am Werkstoff Holz. <\/p>\n\n\n\n<hr class=\"wp-block-separator has-alpha-channel-opacity\"\/>\n\n\n\n<p class=\"has-text-align-center has-large-font-size\">Team<\/p>\n\n\n\n<p><\/p>\n\n\n\n<figure class=\"wp-block-gallery has-nested-images columns-default is-cropped wp-block-gallery-1 is-layout-flex wp-block-gallery-is-layout-flex\">\n<figure class=\"wp-block-image size-large\"><img loading=\"lazy\" decoding=\"async\" width=\"918\" height=\"1024\" data-id=\"2195\" src=\"https:\/\/holzlabor.org\/wp-content\/uploads\/2024\/02\/Joachim-Bootsbauer-918x1024.jpg\" alt=\"\" class=\"wp-image-2195\" srcset=\"https:\/\/holzlabor.org\/wp-content\/uploads\/2024\/02\/Joachim-Bootsbauer-918x1024.jpg 918w, https:\/\/holzlabor.org\/wp-content\/uploads\/2024\/02\/Joachim-Bootsbauer-269x300.jpg 269w, https:\/\/holzlabor.org\/wp-content\/uploads\/2024\/02\/Joachim-Bootsbauer-768x856.jpg 768w, https:\/\/holzlabor.org\/wp-content\/uploads\/2024\/02\/Joachim-Bootsbauer-500x557.jpg 500w, https:\/\/holzlabor.org\/wp-content\/uploads\/2024\/02\/Joachim-Bootsbauer-800x892.jpg 800w, https:\/\/holzlabor.org\/wp-content\/uploads\/2024\/02\/Joachim-Bootsbauer-242x270.jpg 242w, https:\/\/holzlabor.org\/wp-content\/uploads\/2024\/02\/Joachim-Bootsbauer.jpg 1062w\" sizes=\"auto, (max-width: 918px) 100vw, 918px\" \/><\/figure>\n\n\n\n<figure class=\"wp-block-image size-large\"><img loading=\"lazy\" decoding=\"async\" width=\"358\" height=\"427\" data-id=\"2176\" src=\"https:\/\/holzlabor.org\/wp-content\/uploads\/2024\/02\/Holzlabor-by-Nico-Spahni-23-scaled-e1740170210969.jpg\" alt=\"\" class=\"wp-image-2176\" srcset=\"https:\/\/holzlabor.org\/wp-content\/uploads\/2024\/02\/Holzlabor-by-Nico-Spahni-23-scaled-e1740170210969.jpg 358w, https:\/\/holzlabor.org\/wp-content\/uploads\/2024\/02\/Holzlabor-by-Nico-Spahni-23-scaled-e1740170210969-252x300.jpg 252w, https:\/\/holzlabor.org\/wp-content\/uploads\/2024\/02\/Holzlabor-by-Nico-Spahni-23-scaled-e1740170210969-226x270.jpg 226w\" sizes=\"auto, (max-width: 358px) 100vw, 358px\" \/><figcaption class=\"wp-element-caption\">Luis Feller<\/figcaption><\/figure>\n\n\n\n<figure class=\"wp-block-image size-large\"><img loading=\"lazy\" decoding=\"async\" width=\"358\" height=\"405\" data-id=\"2175\" src=\"https:\/\/holzlabor.org\/wp-content\/uploads\/2024\/02\/Holzlabor-by-Nico-Spahni-22-scaled-e1740169573893.jpg\" alt=\"\" class=\"wp-image-2175\" srcset=\"https:\/\/holzlabor.org\/wp-content\/uploads\/2024\/02\/Holzlabor-by-Nico-Spahni-22-scaled-e1740169573893.jpg 358w, https:\/\/holzlabor.org\/wp-content\/uploads\/2024\/02\/Holzlabor-by-Nico-Spahni-22-scaled-e1740169573893-265x300.jpg 265w, https:\/\/holzlabor.org\/wp-content\/uploads\/2024\/02\/Holzlabor-by-Nico-Spahni-22-scaled-e1740169573893-239x270.jpg 239w\" sizes=\"auto, (max-width: 358px) 100vw, 358px\" \/><figcaption class=\"wp-element-caption\">Margret Nestle<\/figcaption><\/figure>\n\n\n\n<figure class=\"wp-block-image size-large\"><img loading=\"lazy\" decoding=\"async\" width=\"384\" height=\"500\" data-id=\"2177\" src=\"https:\/\/holzlabor.org\/wp-content\/uploads\/2024\/02\/Holzlabor-by-Nico-Spahni-22-1-scaled-e1740169269286.jpg\" alt=\"\" class=\"wp-image-2177\" srcset=\"https:\/\/holzlabor.org\/wp-content\/uploads\/2024\/02\/Holzlabor-by-Nico-Spahni-22-1-scaled-e1740169269286.jpg 384w, https:\/\/holzlabor.org\/wp-content\/uploads\/2024\/02\/Holzlabor-by-Nico-Spahni-22-1-scaled-e1740169269286-230x300.jpg 230w, https:\/\/holzlabor.org\/wp-content\/uploads\/2024\/02\/Holzlabor-by-Nico-Spahni-22-1-scaled-e1740169269286-207x270.jpg 207w\" sizes=\"auto, (max-width: 384px) 100vw, 384px\" \/><figcaption class=\"wp-element-caption\">Nadine List<\/figcaption><\/figure>\n\n\n\n<figure class=\"wp-block-image size-large\"><img loading=\"lazy\" decoding=\"async\" width=\"336\" height=\"387\" data-id=\"2344\" src=\"https:\/\/holzlabor.org\/wp-content\/uploads\/2025\/02\/Holzlabor-by-Nico-Spahni-22-1-toby.png\" alt=\"\" class=\"wp-image-2344\" srcset=\"https:\/\/holzlabor.org\/wp-content\/uploads\/2025\/02\/Holzlabor-by-Nico-Spahni-22-1-toby.png 336w, https:\/\/holzlabor.org\/wp-content\/uploads\/2025\/02\/Holzlabor-by-Nico-Spahni-22-1-toby-260x300.png 260w, https:\/\/holzlabor.org\/wp-content\/uploads\/2025\/02\/Holzlabor-by-Nico-Spahni-22-1-toby-234x270.png 234w\" sizes=\"auto, (max-width: 336px) 100vw, 336px\" \/><figcaption class=\"wp-element-caption\">Tobias Jordi<\/figcaption><\/figure>\n<\/figure>\n\n\n\n<p>Wir teilen uns den Raum und die Infrastruktur und versuchen uns bei der Umsetzung der Projekte gegenseitig zu unterst\u00fctzen. Es ist uns wichtig die Werkstatt zu einem Ort zu machen an dem ein Austausch stattfindet.<\/p>\n\n\n\n<p>Wir m\u00f6chten gut gestaltete Objekte schaffen die einen Gebrauchswert  haben und auf Mass angefertigt sind. Diese sollen langlebig und solide sein. Hiermit m\u00f6chten wir aufzeigen, dass es auf diese Weise m\u00f6glich ist das unmittelbare Umfeld mittels einer sinnvollen T\u00e4tigkeit  mitzugestalten. Wir verstehen unser Schaffen als Auseinandersetzung mit  Verh\u00e4ltnissen, welche wir nicht ausgesucht haben, jedoch in unserem  Sinne beeinflussen k\u00f6nnen. Durch die Realisierung von Ideen m\u00f6chten wir  aufzeigen, dass es m\u00f6glich ist eine Wirkung zu erreichen.<\/p>\n\n\n\n<p>Die Werkstatt soll neben der bezahlten Arbeit auch Die M\u00f6glichkeit zur Verwirklichung von Ideen und Experimenten bieten.<\/p>\n\n\n\n<p>Mit den Menschen mit denen die wir eine Arbeit umsetzen arbeiten wir oft zusammen. Es besteht die M\u00f6glichkeit einen Teil der Arbeit in Eigenleistung zu erbringen. Somit findet ein direkter Austausch und Kontakt statt, was dem Objekt auch einen emotionalen Wert verleiht.<\/p>\n","protected":false},"excerpt":{"rendered":"<p>Wir sind Schreinerinnen und Schreiner. Zeitweise werden wir von Wandersgesell:Innen und Praktikant:Innen unterst\u00fctzt. Wir haben Freude am Handwerk, am Gestalten und am Werkstoff Holz. Team Wir teilen uns den Raum und die Infrastruktur und versuchen uns bei der Umsetzung der Projekte gegenseitig zu unterst\u00fctzen. Es ist uns wichtig die Werkstatt zu einem Ort zu machen an dem ein Austausch stattfindet. Wir m\u00f6chten gut gestaltete Objekte schaffen die einen Gebrauchswert haben und auf Mass angefertigt sind. Diese sollen langlebig und solide&#8230;<\/p>\n<p class=\"read-more\"><a class=\"btn btn-default\" href=\"https:\/\/holzlabor.org\/fr\/wir\/wer\/\">Lire la suite<span class=\"screen-reader-text\"> Lire la suite<\/span><\/a><\/p>\n","protected":false},"author":1,"featured_media":0,"parent":21,"menu_order":0,"comment_status":"closed","ping_status":"closed","template":"","meta":{"_themeisle_gutenberg_block_has_review":false,"_vp_format_video_url":"","_vp_image_focal_point":[],"footnotes":""},"class_list":["post-454","page","type-page","status-publish","hentry"],"_links":{"self":[{"href":"https:\/\/holzlabor.org\/fr\/wp-json\/wp\/v2\/pages\/454","targetHints":{"allow":["GET"]}}],"collection":[{"href":"https:\/\/holzlabor.org\/fr\/wp-json\/wp\/v2\/pages"}],"about":[{"href":"https:\/\/holzlabor.org\/fr\/wp-json\/wp\/v2\/types\/page"}],"author":[{"embeddable":true,"href":"https:\/\/holzlabor.org\/fr\/wp-json\/wp\/v2\/users\/1"}],"replies":[{"embeddable":true,"href":"https:\/\/holzlabor.org\/fr\/wp-json\/wp\/v2\/comments?post=454"}],"version-history":[{"count":26,"href":"https:\/\/holzlabor.org\/fr\/wp-json\/wp\/v2\/pages\/454\/revisions"}],"predecessor-version":[{"id":3171,"href":"https:\/\/holzlabor.org\/fr\/wp-json\/wp\/v2\/pages\/454\/revisions\/3171"}],"up":[{"embeddable":true,"href":"https:\/\/holzlabor.org\/fr\/wp-json\/wp\/v2\/pages\/21"}],"wp:attachment":[{"href":"https:\/\/holzlabor.org\/fr\/wp-json\/wp\/v2\/media?parent=454"}],"curies":[{"name":"wp","href":"https:\/\/api.w.org\/{rel}","templated":true}]}}