{"id":421,"date":"2019-01-07T14:48:29","date_gmt":"2019-01-07T13:48:29","guid":{"rendered":"http:\/\/holzlabor.org\/?page_id=421"},"modified":"2026-02-27T09:02:29","modified_gmt":"2026-02-27T08:02:29","slug":"bauplatz-werkstattnutzung","status":"publish","type":"page","link":"https:\/\/holzlabor.org\/fr\/wagenbau\/bauplatz-werkstattnutzung\/","title":{"rendered":"Bauplatz &#038; Werkstattnutzung"},"content":{"rendered":"\n<p><br>Mit den Menschen mit denen wir eine Arbeit umsetzen arbeiten wir oft zusammen. Es besteht die M\u00f6glichkeit einen Teil der Arbeit in Eigenleistung zu erbringen. Somit findet ein direkter Austausch und Kontakt statt, was dem Objekt auch einen emotionalen Wert verleiht.<\/p>\n\n\n\n<p>Wir bieten Platz zum selber bauen. Wer selbst realisieren m\u00f6chte und einen Wagen selber bauen will, hat hier die M\u00f6glichkeit daf\u00fcr. Je nach Bedarf k\u00f6nnen wir uns einbringen und unser Fachwissen, unsere Maschinen und Mithilfe zur Verf\u00fcgung stellen. Es besteht die M\u00f6glichkeit, die Infrastruktur und Werkstatt zu nutzen. F\u00fcr diejenigen, die Eigenleistung erbringen m\u00f6chten, einen Wagen renovieren oder restaurieren  besteht die M\u00f6glichkeit einen Bauplatz zu mieten.<br><br>Wir haben eine begrenzte Platzanzahl zur Verf\u00fcgung. Darum ist es von Vorteil im voraus zu planen und rechtzeitig mit uns Kontakt aufzunehmen.<\/p>\n\n\n\n<p>Interessierte k\u00f6nnen sich per Email: post(at)holzlabor.org oder per Telefon: 079 796 5334 melden.<br><\/p>\n\n\n\n<h2 class=\"wp-block-heading has-text-align-center\">Merkblatt Genossenschaft HOLZLABOR und Nutzungsbedingungen<\/h2>\n\n\n\n<div data-wp-interactive=\"core\/file\" class=\"wp-block-file\"><object data-wp-bind--hidden=\"!state.hasPdfPreview\" hidden class=\"wp-block-file__embed\" data=\"https:\/\/holzlabor.org\/wp-content\/uploads\/2026\/02\/MERKBLATT-Genossenschaft-Holzlabor-2026.pdf\" type=\"application\/pdf\" style=\"width:100%;height:600px\" aria-label=\"Contenu embarqu\u00e9 MERKBLATT Genossenschaft Holzlabor- 2026.\"><\/object><a id=\"wp-block-file--media-d933c1e4-19ad-4558-89bb-03a5c66ede67\" href=\"https:\/\/holzlabor.org\/wp-content\/uploads\/2026\/02\/MERKBLATT-Genossenschaft-Holzlabor-2026.pdf\">MERKBLATT Genossenschaft Holzlabor- 2026<\/a><a href=\"https:\/\/holzlabor.org\/wp-content\/uploads\/2026\/02\/MERKBLATT-Genossenschaft-Holzlabor-2026.pdf\" class=\"wp-block-file__button wp-element-button\" download aria-describedby=\"wp-block-file--media-d933c1e4-19ad-4558-89bb-03a5c66ede67\">Herunterladen<\/a><\/div>\n\n\n\n<p><br><\/p>\n","protected":false},"excerpt":{"rendered":"<p>Mit den Menschen mit denen wir eine Arbeit umsetzen arbeiten wir oft zusammen. Es besteht die M\u00f6glichkeit einen Teil der Arbeit in Eigenleistung zu erbringen. Somit findet ein direkter Austausch und Kontakt statt, was dem Objekt auch einen emotionalen Wert verleiht. Wir bieten Platz zum selber bauen. Wer selbst realisieren m\u00f6chte und einen Wagen selber bauen will, hat hier die M\u00f6glichkeit daf\u00fcr. Je nach Bedarf k\u00f6nnen wir uns einbringen und unser Fachwissen, unsere Maschinen und Mithilfe zur Verf\u00fcgung stellen. Es&#8230;<\/p>\n<p class=\"read-more\"><a class=\"btn btn-default\" href=\"https:\/\/holzlabor.org\/fr\/wagenbau\/bauplatz-werkstattnutzung\/\">Lire la suite<span class=\"screen-reader-text\"> Lire la suite<\/span><\/a><\/p>\n","protected":false},"author":1,"featured_media":0,"parent":3076,"menu_order":0,"comment_status":"closed","ping_status":"closed","template":"","meta":{"_themeisle_gutenberg_block_has_review":false,"_vp_format_video_url":"","_vp_image_focal_point":[],"footnotes":""},"class_list":["post-421","page","type-page","status-publish","hentry"],"_links":{"self":[{"href":"https:\/\/holzlabor.org\/fr\/wp-json\/wp\/v2\/pages\/421","targetHints":{"allow":["GET"]}}],"collection":[{"href":"https:\/\/holzlabor.org\/fr\/wp-json\/wp\/v2\/pages"}],"about":[{"href":"https:\/\/holzlabor.org\/fr\/wp-json\/wp\/v2\/types\/page"}],"author":[{"embeddable":true,"href":"https:\/\/holzlabor.org\/fr\/wp-json\/wp\/v2\/users\/1"}],"replies":[{"embeddable":true,"href":"https:\/\/holzlabor.org\/fr\/wp-json\/wp\/v2\/comments?post=421"}],"version-history":[{"count":14,"href":"https:\/\/holzlabor.org\/fr\/wp-json\/wp\/v2\/pages\/421\/revisions"}],"predecessor-version":[{"id":2999,"href":"https:\/\/holzlabor.org\/fr\/wp-json\/wp\/v2\/pages\/421\/revisions\/2999"}],"up":[{"embeddable":true,"href":"https:\/\/holzlabor.org\/fr\/wp-json\/wp\/v2\/pages\/3076"}],"wp:attachment":[{"href":"https:\/\/holzlabor.org\/fr\/wp-json\/wp\/v2\/media?parent=421"}],"curies":[{"name":"wp","href":"https:\/\/api.w.org\/{rel}","templated":true}]}}