{"id":419,"date":"2019-01-07T14:42:04","date_gmt":"2019-01-07T13:42:04","guid":{"rendered":"http:\/\/holzlabor.org\/?page_id=419"},"modified":"2026-02-27T09:12:14","modified_gmt":"2026-02-27T08:12:14","slug":"bauholz","status":"publish","type":"page","link":"https:\/\/holzlabor.org\/fr\/schreinerei\/bauholz\/","title":{"rendered":"Bauholz"},"content":{"rendered":"\n<h3 class=\"wp-block-heading\">Vom Baum im Wald zum Holz als prim\u00e4rer Rohstoff f\u00fcr den Wagenbau<\/h3>\n\n\n\n<figure class=\"wp-block-image size-large\"><img loading=\"lazy\" decoding=\"async\" width=\"1024\" height=\"576\" src=\"https:\/\/holzlabor.org\/wp-content\/uploads\/2022\/04\/20220301_142423-1024x576.jpeg\" alt=\"\" class=\"wp-image-1654\" srcset=\"https:\/\/holzlabor.org\/wp-content\/uploads\/2022\/04\/20220301_142423-1024x576.jpeg 1024w, https:\/\/holzlabor.org\/wp-content\/uploads\/2022\/04\/20220301_142423-300x169.jpeg 300w, https:\/\/holzlabor.org\/wp-content\/uploads\/2022\/04\/20220301_142423-768x432.jpeg 768w, https:\/\/holzlabor.org\/wp-content\/uploads\/2022\/04\/20220301_142423-1536x864.jpeg 1536w, https:\/\/holzlabor.org\/wp-content\/uploads\/2022\/04\/20220301_142423-2048x1152.jpeg 2048w, https:\/\/holzlabor.org\/wp-content\/uploads\/2022\/04\/20220301_142423-500x281.jpeg 500w, https:\/\/holzlabor.org\/wp-content\/uploads\/2022\/04\/20220301_142423-800x450.jpeg 800w, https:\/\/holzlabor.org\/wp-content\/uploads\/2022\/04\/20220301_142423-1280x720.jpeg 1280w, https:\/\/holzlabor.org\/wp-content\/uploads\/2022\/04\/20220301_142423-1920x1080.jpeg 1920w, https:\/\/holzlabor.org\/wp-content\/uploads\/2022\/04\/20220301_142423-480x270.jpeg 480w\" sizes=\"auto, (max-width: 1024px) 100vw, 1024px\" \/><\/figure>\n\n\n\n<p>Holz ist das Rohmaterial aus dem wir unsere Objekte herstellen.\u00a0 <br>Die Auswahl der Materialien treffen wir nach baubiologischen Grunds\u00e4tzen.  Ebenso achten wir auf eine einwandfreie Qualit\u00e4t und Herkunft der Werkstoffe. <br>Wir Verwenden vorwiegend Massivholz. Dieses beziehen wir direkt aus den umliegenden W\u00e4ldern und bei den S\u00e4gewerken in einem Umkreis von ca. 30-40 km. Dies <br>tun wir aus \u00dcberzeugung.<\/p>\n\n\n\n<p>Beim Wagenbau kommen haupts\u00e4chlich Esche f\u00fcr die Grundkonstruktion, Pappel f\u00fcr die Unterdachschalung, Tanne oder L\u00e4rche f\u00fcr die Aussenschalung, Eiche f\u00fcr die Einfassungen oder f\u00fcr die Fenster zum Einsatz. Es finden aber auch viele weitere Holzarten beim Wagenbau Verwendung. So zum Beispiel Buche f\u00fcr die B\u00f6den, Ahorn oder Kirschbaum f\u00fcr die Innenausstattung oder M\u00f6blierung.\u00a0 An Stellen an denen wir zB aus konstruktiven Gr\u00fcnden kein Massivholz verwenden k\u00f6nnen\u00a0 setzen wir Plattenmaterialien ein. diese sind FSC zertifiziert und kommen aus den umliegenden europ\u00e4ischen L\u00e4ndern. Exotenh\u00f6lzer oder solche mit unklarer Herkunftsdeklaration verwenden wir grunds\u00e4tzlich nicht. Gr\u00fcnde daf\u00fcr gibt es unz\u00e4hlige. F\u00fcr den Ausbau verwenden wir wo m\u00f6glich rezyklierte Bauteile. Zur Oberfl\u00e4chenbehandlung verwenden wir biologische Farben aus nachwachsenden Rohstoffen. <\/p>\n\n\n\n<p>Unser Betrieb ist bewusst nicht zertifiziert, da diese Label nicht \u00fcber alle Zweifel erhaben sind und wir diese Richtlinien freiwillig mehr als erf\u00fcllen.<\/p>\n\n\n\n<p>Bei der Ausf\u00fchrung der Arbeiten achten wir besonders auf den sorgf\u00e4ltigen Umgang mit den zu verarbeitenden Materialien. Wir praktizieren klassisches Handwerk und sind stets bem\u00fcht das bestm\u00f6gliche Resultat zu\u00ad erreichen und qualitativ hochstehende Objekte zu schaffen. Wobei Subsistenz, Nachhaltigkeit und Respekt f\u00fcr uns eine Zent\u00adrale Rolle spielen.<\/p>\n\n\n\n<p>Wenn Ihr F\u00fcr Euer Vorhaben auf der Suche nach qualitativ hochwertigem Holz, das aus der Schweiz stammt seid k\u00f6nnen wir Hand bieten. Sei es f\u00fcr Bauholz, Mondholz, Klotzbretter, oder ausgesuchte Einzelst\u00fccke und H\u00f6lzer f\u00fcr den Instrumentenbau. <br><\/p>\n\n\n\n<figure class=\"wp-block-image size-large\"><img loading=\"lazy\" decoding=\"async\" width=\"1024\" height=\"683\" src=\"https:\/\/holzlabor.org\/wp-content\/uploads\/2022\/01\/DSCF0865-1-1024x683.jpg\" alt=\"\" class=\"wp-image-1589\" srcset=\"https:\/\/holzlabor.org\/wp-content\/uploads\/2022\/01\/DSCF0865-1-1024x683.jpg 1024w, https:\/\/holzlabor.org\/wp-content\/uploads\/2022\/01\/DSCF0865-1-300x200.jpg 300w, https:\/\/holzlabor.org\/wp-content\/uploads\/2022\/01\/DSCF0865-1-768x512.jpg 768w, https:\/\/holzlabor.org\/wp-content\/uploads\/2022\/01\/DSCF0865-1-1536x1024.jpg 1536w, https:\/\/holzlabor.org\/wp-content\/uploads\/2022\/01\/DSCF0865-1-2048x1365.jpg 2048w, https:\/\/holzlabor.org\/wp-content\/uploads\/2022\/01\/DSCF0865-1-500x333.jpg 500w, https:\/\/holzlabor.org\/wp-content\/uploads\/2022\/01\/DSCF0865-1-800x533.jpg 800w, https:\/\/holzlabor.org\/wp-content\/uploads\/2022\/01\/DSCF0865-1-1280x853.jpg 1280w, https:\/\/holzlabor.org\/wp-content\/uploads\/2022\/01\/DSCF0865-1-1920x1280.jpg 1920w, https:\/\/holzlabor.org\/wp-content\/uploads\/2022\/01\/DSCF0865-1-405x270.jpg 405w\" sizes=\"auto, (max-width: 1024px) 100vw, 1024px\" \/><\/figure>\n","protected":false},"excerpt":{"rendered":"<p>Vom Baum im Wald zum Holz als prim\u00e4rer Rohstoff f\u00fcr den Wagenbau Holz ist das Rohmaterial aus dem wir unsere Objekte herstellen.\u00a0 Die Auswahl der Materialien treffen wir nach baubiologischen Grunds\u00e4tzen. Ebenso achten wir auf eine einwandfreie Qualit\u00e4t und Herkunft der Werkstoffe. Wir Verwenden vorwiegend Massivholz. Dieses beziehen wir direkt aus den umliegenden W\u00e4ldern und bei den S\u00e4gewerken in einem Umkreis von ca. 30-40 km. Dies tun wir aus \u00dcberzeugung. Beim Wagenbau kommen haupts\u00e4chlich Esche f\u00fcr die Grundkonstruktion, Pappel f\u00fcr&#8230;<\/p>\n<p class=\"read-more\"><a class=\"btn btn-default\" href=\"https:\/\/holzlabor.org\/fr\/schreinerei\/bauholz\/\">Lire la suite<span class=\"screen-reader-text\"> Lire la suite<\/span><\/a><\/p>\n","protected":false},"author":1,"featured_media":0,"parent":3095,"menu_order":0,"comment_status":"closed","ping_status":"closed","template":"","meta":{"_themeisle_gutenberg_block_has_review":false,"_vp_format_video_url":"","_vp_image_focal_point":[],"footnotes":""},"class_list":["post-419","page","type-page","status-publish","hentry"],"_links":{"self":[{"href":"https:\/\/holzlabor.org\/fr\/wp-json\/wp\/v2\/pages\/419","targetHints":{"allow":["GET"]}}],"collection":[{"href":"https:\/\/holzlabor.org\/fr\/wp-json\/wp\/v2\/pages"}],"about":[{"href":"https:\/\/holzlabor.org\/fr\/wp-json\/wp\/v2\/types\/page"}],"author":[{"embeddable":true,"href":"https:\/\/holzlabor.org\/fr\/wp-json\/wp\/v2\/users\/1"}],"replies":[{"embeddable":true,"href":"https:\/\/holzlabor.org\/fr\/wp-json\/wp\/v2\/comments?post=419"}],"version-history":[{"count":9,"href":"https:\/\/holzlabor.org\/fr\/wp-json\/wp\/v2\/pages\/419\/revisions"}],"predecessor-version":[{"id":2994,"href":"https:\/\/holzlabor.org\/fr\/wp-json\/wp\/v2\/pages\/419\/revisions\/2994"}],"up":[{"embeddable":true,"href":"https:\/\/holzlabor.org\/fr\/wp-json\/wp\/v2\/pages\/3095"}],"wp:attachment":[{"href":"https:\/\/holzlabor.org\/fr\/wp-json\/wp\/v2\/media?parent=419"}],"curies":[{"name":"wp","href":"https:\/\/api.w.org\/{rel}","templated":true}]}}