{"id":2945,"date":"2026-02-27T08:59:32","date_gmt":"2026-02-27T07:59:32","guid":{"rendered":"https:\/\/holzlabor.org\/?page_id=2945"},"modified":"2026-03-03T11:50:01","modified_gmt":"2026-03-03T10:50:01","slug":"einbauten","status":"publish","type":"page","link":"https:\/\/holzlabor.org\/fr\/wagenbau\/einbauten\/","title":{"rendered":"Etappe ||| &#8211; Einbauten"},"content":{"rendered":"\n<h2 class=\"wp-block-heading has-text-align-left\">Wagen M\u00f6bel<\/h2>\n\n\n\n<p>Je nach Bedarf bauen wir K\u00fcche, Bett, Tisch, Regale, Verschiedene Stauraum-m\u00f6glichkeiten etc. ein.  M\u00f6bel wie z.B. Tisch oder Bett k\u00f6nnen freistehend sein oder eingebaut.<\/p>\n\n\n<div class=\"wp-block-image\">\n<figure class=\"aligncenter size-large\"><img loading=\"lazy\" decoding=\"async\" width=\"683\" height=\"1024\" src=\"https:\/\/holzlabor.org\/wp-content\/uploads\/2025\/02\/230814_HOLZ_Dachaufrichte_0367-683x1024.jpg\" alt=\"\" class=\"wp-image-2425\" srcset=\"https:\/\/holzlabor.org\/wp-content\/uploads\/2025\/02\/230814_HOLZ_Dachaufrichte_0367-683x1024.jpg 683w, https:\/\/holzlabor.org\/wp-content\/uploads\/2025\/02\/230814_HOLZ_Dachaufrichte_0367-200x300.jpg 200w, https:\/\/holzlabor.org\/wp-content\/uploads\/2025\/02\/230814_HOLZ_Dachaufrichte_0367-768x1152.jpg 768w, https:\/\/holzlabor.org\/wp-content\/uploads\/2025\/02\/230814_HOLZ_Dachaufrichte_0367-1024x1536.jpg 1024w, https:\/\/holzlabor.org\/wp-content\/uploads\/2025\/02\/230814_HOLZ_Dachaufrichte_0367-1365x2048.jpg 1365w, https:\/\/holzlabor.org\/wp-content\/uploads\/2025\/02\/230814_HOLZ_Dachaufrichte_0367-500x750.jpg 500w, https:\/\/holzlabor.org\/wp-content\/uploads\/2025\/02\/230814_HOLZ_Dachaufrichte_0367-800x1200.jpg 800w, https:\/\/holzlabor.org\/wp-content\/uploads\/2025\/02\/230814_HOLZ_Dachaufrichte_0367-1280x1920.jpg 1280w, https:\/\/holzlabor.org\/wp-content\/uploads\/2025\/02\/230814_HOLZ_Dachaufrichte_0367-180x270.jpg 180w, https:\/\/holzlabor.org\/wp-content\/uploads\/2025\/02\/230814_HOLZ_Dachaufrichte_0367.jpg 1600w\" sizes=\"auto, (max-width: 683px) 100vw, 683px\" \/><figcaption class=\"wp-element-caption\">Massgefertigte Garderobe und Modular-Sitzecke mit Stauraum.<\/figcaption><\/figure>\n<\/div>\n\n\n<figure class=\"wp-block-image size-large\"><img loading=\"lazy\" decoding=\"async\" width=\"1024\" height=\"768\" src=\"https:\/\/holzlabor.org\/wp-content\/uploads\/2025\/02\/IMG_20240520_143529_470-1024x768.jpg\" alt=\"\" class=\"wp-image-2437\" srcset=\"https:\/\/holzlabor.org\/wp-content\/uploads\/2025\/02\/IMG_20240520_143529_470-1024x768.jpg 1024w, https:\/\/holzlabor.org\/wp-content\/uploads\/2025\/02\/IMG_20240520_143529_470-300x225.jpg 300w, https:\/\/holzlabor.org\/wp-content\/uploads\/2025\/02\/IMG_20240520_143529_470-768x576.jpg 768w, https:\/\/holzlabor.org\/wp-content\/uploads\/2025\/02\/IMG_20240520_143529_470-500x375.jpg 500w, https:\/\/holzlabor.org\/wp-content\/uploads\/2025\/02\/IMG_20240520_143529_470-800x600.jpg 800w, https:\/\/holzlabor.org\/wp-content\/uploads\/2025\/02\/IMG_20240520_143529_470-360x270.jpg 360w, https:\/\/holzlabor.org\/wp-content\/uploads\/2025\/02\/IMG_20240520_143529_470.jpg 1280w\" sizes=\"auto, (max-width: 1024px) 100vw, 1024px\" \/><\/figure>\n\n\n\n<figure class=\"wp-block-image size-large\"><img loading=\"lazy\" decoding=\"async\" width=\"1024\" height=\"768\" src=\"https:\/\/holzlabor.org\/wp-content\/uploads\/2020\/11\/P1010877_50p-1024x768.jpg\" alt=\"\" class=\"wp-image-1190\" srcset=\"https:\/\/holzlabor.org\/wp-content\/uploads\/2020\/11\/P1010877_50p-1024x768.jpg 1024w, https:\/\/holzlabor.org\/wp-content\/uploads\/2020\/11\/P1010877_50p-300x225.jpg 300w, https:\/\/holzlabor.org\/wp-content\/uploads\/2020\/11\/P1010877_50p-768x576.jpg 768w, https:\/\/holzlabor.org\/wp-content\/uploads\/2020\/11\/P1010877_50p-500x375.jpg 500w, https:\/\/holzlabor.org\/wp-content\/uploads\/2020\/11\/P1010877_50p-800x600.jpg 800w, https:\/\/holzlabor.org\/wp-content\/uploads\/2020\/11\/P1010877_50p-1280x960.jpg 1280w, https:\/\/holzlabor.org\/wp-content\/uploads\/2020\/11\/P1010877_50p-1920x1440.jpg 1920w, https:\/\/holzlabor.org\/wp-content\/uploads\/2020\/11\/P1010877_50p-1536x1152.jpg 1536w, https:\/\/holzlabor.org\/wp-content\/uploads\/2020\/11\/P1010877_50p-360x270.jpg 360w, https:\/\/holzlabor.org\/wp-content\/uploads\/2020\/11\/P1010877_50p.jpg 2000w\" sizes=\"auto, (max-width: 1024px) 100vw, 1024px\" \/><figcaption class=\"wp-element-caption\">Schlichter K\u00fcchenkorpus, offen. Regalb\u00f6den verstellbar. Birkensperrholz beschichtet.<\/figcaption><\/figure>\n\n\n\n<figure class=\"wp-block-image size-large\"><img loading=\"lazy\" decoding=\"async\" width=\"1024\" height=\"768\" src=\"https:\/\/holzlabor.org\/wp-content\/uploads\/2023\/05\/IMG_3806-1-1024x768.jpg\" alt=\"\" class=\"wp-image-1926\" srcset=\"https:\/\/holzlabor.org\/wp-content\/uploads\/2023\/05\/IMG_3806-1-1024x768.jpg 1024w, https:\/\/holzlabor.org\/wp-content\/uploads\/2023\/05\/IMG_3806-1-300x225.jpg 300w, https:\/\/holzlabor.org\/wp-content\/uploads\/2023\/05\/IMG_3806-1-768x576.jpg 768w, https:\/\/holzlabor.org\/wp-content\/uploads\/2023\/05\/IMG_3806-1-1536x1152.jpg 1536w, https:\/\/holzlabor.org\/wp-content\/uploads\/2023\/05\/IMG_3806-1-2048x1536.jpg 2048w, https:\/\/holzlabor.org\/wp-content\/uploads\/2023\/05\/IMG_3806-1-500x375.jpg 500w, https:\/\/holzlabor.org\/wp-content\/uploads\/2023\/05\/IMG_3806-1-800x600.jpg 800w, https:\/\/holzlabor.org\/wp-content\/uploads\/2023\/05\/IMG_3806-1-1280x960.jpg 1280w, https:\/\/holzlabor.org\/wp-content\/uploads\/2023\/05\/IMG_3806-1-1920x1440.jpg 1920w, https:\/\/holzlabor.org\/wp-content\/uploads\/2023\/05\/IMG_3806-1-360x270.jpg 360w\" sizes=\"auto, (max-width: 1024px) 100vw, 1024px\" \/><figcaption class=\"wp-element-caption\">K\u00fcche mit Schiebet\u00fcren aus beschichtetem Birkensperrholz mit massivem Eschen-Top<\/figcaption><\/figure>\n\n\n\n<figure class=\"wp-block-gallery has-nested-images columns-default is-cropped wp-block-gallery-1 is-layout-flex wp-block-gallery-is-layout-flex\">\n<figure class=\"wp-block-image size-large\"><img loading=\"lazy\" decoding=\"async\" width=\"866\" height=\"1024\" data-id=\"1929\" src=\"https:\/\/holzlabor.org\/wp-content\/uploads\/2023\/05\/tomcrop-866x1024.jpg\" alt=\"\" class=\"wp-image-1929\" srcset=\"https:\/\/holzlabor.org\/wp-content\/uploads\/2023\/05\/tomcrop-866x1024.jpg 866w, https:\/\/holzlabor.org\/wp-content\/uploads\/2023\/05\/tomcrop-254x300.jpg 254w, https:\/\/holzlabor.org\/wp-content\/uploads\/2023\/05\/tomcrop-768x909.jpg 768w, https:\/\/holzlabor.org\/wp-content\/uploads\/2023\/05\/tomcrop-1298x1536.jpg 1298w, https:\/\/holzlabor.org\/wp-content\/uploads\/2023\/05\/tomcrop-1731x2048.jpg 1731w, https:\/\/holzlabor.org\/wp-content\/uploads\/2023\/05\/tomcrop-500x592.jpg 500w, https:\/\/holzlabor.org\/wp-content\/uploads\/2023\/05\/tomcrop-800x946.jpg 800w, https:\/\/holzlabor.org\/wp-content\/uploads\/2023\/05\/tomcrop-1280x1514.jpg 1280w, https:\/\/holzlabor.org\/wp-content\/uploads\/2023\/05\/tomcrop-228x270.jpg 228w, https:\/\/holzlabor.org\/wp-content\/uploads\/2023\/05\/tomcrop.jpg 1836w\" sizes=\"auto, (max-width: 866px) 100vw, 866px\" \/><\/figure>\n<\/figure>\n\n\n\n<p>Wagen <em>Hobbit<\/em>  Sitzecke &#8211; Sitzbank mit Stauraum. Mit den Brettern k\u00f6nnen flexibel ein oder zwei Schlafebenen geschaffen werden. <br>In diesem Wagen kann man Probewohnen. Mehr auf dem blog <a href=\"https:\/\/tompluess.ch\/hobbit\/ \">https:\/\/tompluess.ch\/hobbit\/ <\/a>.<\/p>\n\n\n\n<div class=\"wp-block-group\"><div class=\"wp-block-group__inner-container is-layout-flow wp-block-group-is-layout-flow\">\n<div class=\"wp-block-columns is-layout-flex wp-container-core-columns-is-layout-9d6595d7 wp-block-columns-is-layout-flex\">\n<div class=\"wp-block-column is-layout-flow wp-block-column-is-layout-flow\" style=\"flex-basis:100%\">\n<figure class=\"wp-block-image size-large\"><img loading=\"lazy\" decoding=\"async\" width=\"1024\" height=\"576\" src=\"https:\/\/holzlabor.org\/wp-content\/uploads\/2026\/02\/20240926_142954.Wagen_Katarina_Fries-1024x576.jpg\" alt=\"\" class=\"wp-image-3035\" srcset=\"https:\/\/holzlabor.org\/wp-content\/uploads\/2026\/02\/20240926_142954.Wagen_Katarina_Fries-1024x576.jpg 1024w, https:\/\/holzlabor.org\/wp-content\/uploads\/2026\/02\/20240926_142954.Wagen_Katarina_Fries-300x169.jpg 300w, https:\/\/holzlabor.org\/wp-content\/uploads\/2026\/02\/20240926_142954.Wagen_Katarina_Fries-768x432.jpg 768w, https:\/\/holzlabor.org\/wp-content\/uploads\/2026\/02\/20240926_142954.Wagen_Katarina_Fries-1536x864.jpg 1536w, https:\/\/holzlabor.org\/wp-content\/uploads\/2026\/02\/20240926_142954.Wagen_Katarina_Fries-2048x1152.jpg 2048w, https:\/\/holzlabor.org\/wp-content\/uploads\/2026\/02\/20240926_142954.Wagen_Katarina_Fries-500x281.jpg 500w, https:\/\/holzlabor.org\/wp-content\/uploads\/2026\/02\/20240926_142954.Wagen_Katarina_Fries-800x450.jpg 800w, https:\/\/holzlabor.org\/wp-content\/uploads\/2026\/02\/20240926_142954.Wagen_Katarina_Fries-1280x720.jpg 1280w, https:\/\/holzlabor.org\/wp-content\/uploads\/2026\/02\/20240926_142954.Wagen_Katarina_Fries-1920x1080.jpg 1920w, https:\/\/holzlabor.org\/wp-content\/uploads\/2026\/02\/20240926_142954.Wagen_Katarina_Fries-480x270.jpg 480w\" sizes=\"auto, (max-width: 1024px) 100vw, 1024px\" \/><figcaption class=\"wp-element-caption\">Bett Plattform mit dekorativem Deckbrett und Stauraum.<\/figcaption><\/figure>\n<\/div>\n<\/div>\n<\/div><\/div>\n\n\n\n<hr class=\"wp-block-separator has-alpha-channel-opacity\"\/>\n\n\n\n<h2 class=\"wp-block-heading has-text-align-left\">Ofen<\/h2>\n\n\n\n<p>Die sinnvollste und einfachste Variante einen Wagen zu beheizen\u00ad ist mit einem Holzofen oder -Herd. Dieser sollte nicht zu gross sein. Eine Leistung von 2-3KW reicht f\u00fcr das Volumen eines Wagens mit entsprechender D\u00e4mmung bestens aus. M\u00f6glich ist auch die Installation eines Pellet-Ofens.<\/p>\n\n\n\n<figure class=\"wp-block-image size-large\"><img loading=\"lazy\" decoding=\"async\" width=\"1024\" height=\"768\" src=\"https:\/\/holzlabor.org\/wp-content\/uploads\/2020\/11\/P1010894_50p-1024x768.jpg\" alt=\"\" class=\"wp-image-1191\" srcset=\"https:\/\/holzlabor.org\/wp-content\/uploads\/2020\/11\/P1010894_50p-1024x768.jpg 1024w, https:\/\/holzlabor.org\/wp-content\/uploads\/2020\/11\/P1010894_50p-300x225.jpg 300w, https:\/\/holzlabor.org\/wp-content\/uploads\/2020\/11\/P1010894_50p-768x576.jpg 768w, https:\/\/holzlabor.org\/wp-content\/uploads\/2020\/11\/P1010894_50p-500x375.jpg 500w, https:\/\/holzlabor.org\/wp-content\/uploads\/2020\/11\/P1010894_50p-800x600.jpg 800w, https:\/\/holzlabor.org\/wp-content\/uploads\/2020\/11\/P1010894_50p-1280x960.jpg 1280w, https:\/\/holzlabor.org\/wp-content\/uploads\/2020\/11\/P1010894_50p-1920x1440.jpg 1920w, https:\/\/holzlabor.org\/wp-content\/uploads\/2020\/11\/P1010894_50p-1536x1152.jpg 1536w, https:\/\/holzlabor.org\/wp-content\/uploads\/2020\/11\/P1010894_50p-360x270.jpg 360w, https:\/\/holzlabor.org\/wp-content\/uploads\/2020\/11\/P1010894_50p.jpg 2000w\" sizes=\"auto, (max-width: 1024px) 100vw, 1024px\" \/><figcaption class=\"wp-element-caption\">Kanonenofen.<\/figcaption><\/figure>\n\n\n\n<figure class=\"wp-block-image size-large is-resized\"><img loading=\"lazy\" decoding=\"async\" width=\"683\" height=\"1024\" src=\"https:\/\/holzlabor.org\/wp-content\/uploads\/2025\/02\/230814_HOLZ_Dachaufrichte_0388-683x1024.jpg\" alt=\"\" class=\"wp-image-2426\" style=\"width:840px;height:auto\" srcset=\"https:\/\/holzlabor.org\/wp-content\/uploads\/2025\/02\/230814_HOLZ_Dachaufrichte_0388-683x1024.jpg 683w, https:\/\/holzlabor.org\/wp-content\/uploads\/2025\/02\/230814_HOLZ_Dachaufrichte_0388-200x300.jpg 200w, https:\/\/holzlabor.org\/wp-content\/uploads\/2025\/02\/230814_HOLZ_Dachaufrichte_0388-768x1152.jpg 768w, https:\/\/holzlabor.org\/wp-content\/uploads\/2025\/02\/230814_HOLZ_Dachaufrichte_0388-1024x1536.jpg 1024w, https:\/\/holzlabor.org\/wp-content\/uploads\/2025\/02\/230814_HOLZ_Dachaufrichte_0388-1365x2048.jpg 1365w, https:\/\/holzlabor.org\/wp-content\/uploads\/2025\/02\/230814_HOLZ_Dachaufrichte_0388-500x750.jpg 500w, https:\/\/holzlabor.org\/wp-content\/uploads\/2025\/02\/230814_HOLZ_Dachaufrichte_0388-800x1200.jpg 800w, https:\/\/holzlabor.org\/wp-content\/uploads\/2025\/02\/230814_HOLZ_Dachaufrichte_0388-1280x1920.jpg 1280w, https:\/\/holzlabor.org\/wp-content\/uploads\/2025\/02\/230814_HOLZ_Dachaufrichte_0388-180x270.jpg 180w, https:\/\/holzlabor.org\/wp-content\/uploads\/2025\/02\/230814_HOLZ_Dachaufrichte_0388.jpg 1600w\" sizes=\"auto, (max-width: 683px) 100vw, 683px\" \/><figcaption class=\"wp-element-caption\">Kochherd<\/figcaption><\/figure>\n\n\n<div class=\"wp-block-image\">\n<figure class=\"aligncenter size-large\"><img loading=\"lazy\" decoding=\"async\" width=\"576\" height=\"1024\" src=\"https:\/\/holzlabor.org\/wp-content\/uploads\/2026\/02\/20240926_143319.Wagen_Katarina_Fries-576x1024.jpg\" alt=\"\" class=\"wp-image-3034\" srcset=\"https:\/\/holzlabor.org\/wp-content\/uploads\/2026\/02\/20240926_143319.Wagen_Katarina_Fries-576x1024.jpg 576w, https:\/\/holzlabor.org\/wp-content\/uploads\/2026\/02\/20240926_143319.Wagen_Katarina_Fries-169x300.jpg 169w, https:\/\/holzlabor.org\/wp-content\/uploads\/2026\/02\/20240926_143319.Wagen_Katarina_Fries-768x1365.jpg 768w, https:\/\/holzlabor.org\/wp-content\/uploads\/2026\/02\/20240926_143319.Wagen_Katarina_Fries-864x1536.jpg 864w, https:\/\/holzlabor.org\/wp-content\/uploads\/2026\/02\/20240926_143319.Wagen_Katarina_Fries-1152x2048.jpg 1152w, https:\/\/holzlabor.org\/wp-content\/uploads\/2026\/02\/20240926_143319.Wagen_Katarina_Fries-500x889.jpg 500w, https:\/\/holzlabor.org\/wp-content\/uploads\/2026\/02\/20240926_143319.Wagen_Katarina_Fries-800x1422.jpg 800w, https:\/\/holzlabor.org\/wp-content\/uploads\/2026\/02\/20240926_143319.Wagen_Katarina_Fries-1280x2276.jpg 1280w, https:\/\/holzlabor.org\/wp-content\/uploads\/2026\/02\/20240926_143319.Wagen_Katarina_Fries-1920x3413.jpg 1920w, https:\/\/holzlabor.org\/wp-content\/uploads\/2026\/02\/20240926_143319.Wagen_Katarina_Fries-152x270.jpg 152w, https:\/\/holzlabor.org\/wp-content\/uploads\/2026\/02\/20240926_143319.Wagen_Katarina_Fries-scaled.jpg 1440w\" sizes=\"auto, (max-width: 576px) 100vw, 576px\" \/><\/figure>\n<\/div>\n\n<div class=\"wp-block-image\">\n<figure class=\"aligncenter size-large\"><img loading=\"lazy\" decoding=\"async\" width=\"576\" height=\"1024\" src=\"https:\/\/holzlabor.org\/wp-content\/uploads\/2026\/02\/20240925_165544-576x1024.jpg\" alt=\"\" class=\"wp-image-3040\" srcset=\"https:\/\/holzlabor.org\/wp-content\/uploads\/2026\/02\/20240925_165544-576x1024.jpg 576w, https:\/\/holzlabor.org\/wp-content\/uploads\/2026\/02\/20240925_165544-169x300.jpg 169w, https:\/\/holzlabor.org\/wp-content\/uploads\/2026\/02\/20240925_165544-768x1365.jpg 768w, https:\/\/holzlabor.org\/wp-content\/uploads\/2026\/02\/20240925_165544-864x1536.jpg 864w, https:\/\/holzlabor.org\/wp-content\/uploads\/2026\/02\/20240925_165544-1152x2048.jpg 1152w, https:\/\/holzlabor.org\/wp-content\/uploads\/2026\/02\/20240925_165544-500x889.jpg 500w, https:\/\/holzlabor.org\/wp-content\/uploads\/2026\/02\/20240925_165544-800x1422.jpg 800w, https:\/\/holzlabor.org\/wp-content\/uploads\/2026\/02\/20240925_165544-1280x2276.jpg 1280w, https:\/\/holzlabor.org\/wp-content\/uploads\/2026\/02\/20240925_165544-1920x3413.jpg 1920w, https:\/\/holzlabor.org\/wp-content\/uploads\/2026\/02\/20240925_165544-152x270.jpg 152w, https:\/\/holzlabor.org\/wp-content\/uploads\/2026\/02\/20240925_165544-scaled.jpg 1440w\" sizes=\"auto, (max-width: 576px) 100vw, 576px\" \/><figcaption class=\"wp-element-caption\">Ofenausgang von einem Pelletofen.<\/figcaption><\/figure>\n<\/div>\n\n\n<hr class=\"wp-block-separator has-alpha-channel-opacity\"\/>\n\n\n\n<h2 class=\"wp-block-heading has-text-align-left\">Elektrisch<\/h2>\n\n\n\n<p>Der Wagen kann mit Sonnenkollektoren ausgestattet werden, um vom Netzstrom unabh\u00e4ngig zu sein, oder mit einer herk\u00f6mmlichen Elektroinstallation versehen werden. <br>Diese kann bei guter Planung Unterputz bzw. hinter der Sperrholzverkleidung montiert werden oder Aufputz, verdeckt mit Kabelleisten aus Holz.<\/p>\n\n\n\n<figure class=\"wp-block-image size-large\"><img loading=\"lazy\" decoding=\"async\" width=\"1456\" height=\"1455\" src=\"https:\/\/holzlabor.org\/wp-content\/uploads\/2026\/02\/20211208_121531-edited-3.jpg\" alt=\"\" class=\"wp-image-3013\" srcset=\"https:\/\/holzlabor.org\/wp-content\/uploads\/2026\/02\/20211208_121531-edited-3.jpg 1456w, https:\/\/holzlabor.org\/wp-content\/uploads\/2026\/02\/20211208_121531-edited-3-300x300.jpg 300w, https:\/\/holzlabor.org\/wp-content\/uploads\/2026\/02\/20211208_121531-edited-3-1024x1024.jpg 1024w, https:\/\/holzlabor.org\/wp-content\/uploads\/2026\/02\/20211208_121531-edited-3-150x150.jpg 150w, https:\/\/holzlabor.org\/wp-content\/uploads\/2026\/02\/20211208_121531-edited-3-768x767.jpg 768w, https:\/\/holzlabor.org\/wp-content\/uploads\/2026\/02\/20211208_121531-edited-3-500x500.jpg 500w, https:\/\/holzlabor.org\/wp-content\/uploads\/2026\/02\/20211208_121531-edited-3-800x799.jpg 800w, https:\/\/holzlabor.org\/wp-content\/uploads\/2026\/02\/20211208_121531-edited-3-1280x1279.jpg 1280w, https:\/\/holzlabor.org\/wp-content\/uploads\/2026\/02\/20211208_121531-edited-3-270x270.jpg 270w\" sizes=\"auto, (max-width: 1456px) 100vw, 1456px\" \/><figcaption class=\"wp-element-caption\">Indirekte Beleuchtung mit LED-Streifen auf dem Sims. Die Simse dienen auch als Kabelkanal.<\/figcaption><\/figure>\n\n\n<div class=\"wp-block-image\">\n<figure class=\"aligncenter size-large\"><img loading=\"lazy\" decoding=\"async\" width=\"683\" height=\"1024\" src=\"https:\/\/holzlabor.org\/wp-content\/uploads\/2026\/02\/0104-Kopie-683x1024.jpg\" alt=\"\" class=\"wp-image-3020\" srcset=\"https:\/\/holzlabor.org\/wp-content\/uploads\/2026\/02\/0104-Kopie-683x1024.jpg 683w, https:\/\/holzlabor.org\/wp-content\/uploads\/2026\/02\/0104-Kopie-200x300.jpg 200w, https:\/\/holzlabor.org\/wp-content\/uploads\/2026\/02\/0104-Kopie-768x1152.jpg 768w, https:\/\/holzlabor.org\/wp-content\/uploads\/2026\/02\/0104-Kopie-scaled.jpg 1707w\" sizes=\"auto, (max-width: 683px) 100vw, 683px\" \/><figcaption class=\"wp-element-caption\">Schlafzimmer mit Farbakzenten und farbigem LED<\/figcaption><\/figure>\n<\/div>\n\n\n<hr class=\"wp-block-separator has-alpha-channel-opacity\"\/>\n\n\n\n<h2 class=\"wp-block-heading has-text-align-left\">Sanit\u00e4r<\/h2>\n\n\n\n<p>Wenn Sanit\u00e4rinstallationen vorgenommen werden, ist es empfehlenswert, diese Aufputz und gut zug\u00e4nglich zu installieren. Es k\u00f6nnen autarke Tanksysteme, direkte Wasseranschl\u00fcsse, Abfl\u00fcsse direkt nach aussen und Kl\u00e4ranlagen verbaut werden.<\/p>\n\n\n<div class=\"wp-block-image\">\n<figure class=\"aligncenter size-large\"><img loading=\"lazy\" decoding=\"async\" width=\"683\" height=\"1024\" src=\"https:\/\/holzlabor.org\/wp-content\/uploads\/2026\/02\/0100-Kopie-683x1024.jpg\" alt=\"\" class=\"wp-image-3019\" srcset=\"https:\/\/holzlabor.org\/wp-content\/uploads\/2026\/02\/0100-Kopie-683x1024.jpg 683w, https:\/\/holzlabor.org\/wp-content\/uploads\/2026\/02\/0100-Kopie-200x300.jpg 200w, https:\/\/holzlabor.org\/wp-content\/uploads\/2026\/02\/0100-Kopie-768x1152.jpg 768w, https:\/\/holzlabor.org\/wp-content\/uploads\/2026\/02\/0100-Kopie-scaled.jpg 1707w\" sizes=\"auto, (max-width: 683px) 100vw, 683px\" \/><\/figure>\n<\/div>\n\n<div class=\"wp-block-image\">\n<figure class=\"aligncenter size-large\"><img loading=\"lazy\" decoding=\"async\" width=\"1024\" height=\"683\" src=\"https:\/\/holzlabor.org\/wp-content\/uploads\/2026\/02\/0096-Kopie-1024x683.jpg\" alt=\"\" class=\"wp-image-3018\" srcset=\"https:\/\/holzlabor.org\/wp-content\/uploads\/2026\/02\/0096-Kopie-1024x683.jpg 1024w, https:\/\/holzlabor.org\/wp-content\/uploads\/2026\/02\/0096-Kopie-300x200.jpg 300w, https:\/\/holzlabor.org\/wp-content\/uploads\/2026\/02\/0096-Kopie-768x512.jpg 768w\" sizes=\"auto, (max-width: 1024px) 100vw, 1024px\" \/><\/figure>\n<\/div>\n\n\n<hr class=\"wp-block-separator has-alpha-channel-opacity\"\/>\n\n\n\n<p>*Ofen-, Sanit\u00e4r-, Gasanschl\u00fcsse und Elektroinstallationen werden ausgelagert. Wir helfen gerne bei der Planung, Vermittlung und Ausf\u00fchrung der Prozesse.<\/p>\n\n\n\n<div style=\"height:100px\" aria-hidden=\"true\" class=\"wp-block-spacer\"><\/div>\n\n\n\n<h2 class=\"wp-block-heading\">Kellerkasten<\/h2>\n\n\n\n<figure class=\"wp-block-image size-large\"><img loading=\"lazy\" decoding=\"async\" width=\"1024\" height=\"768\" src=\"https:\/\/holzlabor.org\/wp-content\/uploads\/2026\/02\/20250828_134630-1024x768.jpg\" alt=\"\" class=\"wp-image-3070\" srcset=\"https:\/\/holzlabor.org\/wp-content\/uploads\/2026\/02\/20250828_134630-1024x768.jpg 1024w, https:\/\/holzlabor.org\/wp-content\/uploads\/2026\/02\/20250828_134630-300x225.jpg 300w, https:\/\/holzlabor.org\/wp-content\/uploads\/2026\/02\/20250828_134630-768x576.jpg 768w, https:\/\/holzlabor.org\/wp-content\/uploads\/2026\/02\/20250828_134630-1536x1152.jpg 1536w, https:\/\/holzlabor.org\/wp-content\/uploads\/2026\/02\/20250828_134630-500x375.jpg 500w, https:\/\/holzlabor.org\/wp-content\/uploads\/2026\/02\/20250828_134630-800x600.jpg 800w, https:\/\/holzlabor.org\/wp-content\/uploads\/2026\/02\/20250828_134630-1280x960.jpg 1280w, https:\/\/holzlabor.org\/wp-content\/uploads\/2026\/02\/20250828_134630-1920x1440.jpg 1920w, https:\/\/holzlabor.org\/wp-content\/uploads\/2026\/02\/20250828_134630-360x270.jpg 360w, https:\/\/holzlabor.org\/wp-content\/uploads\/2026\/02\/20250828_134630.jpg 1999w\" sizes=\"auto, (max-width: 1024px) 100vw, 1024px\" \/><\/figure>\n\n\n\n<hr class=\"wp-block-separator has-alpha-channel-opacity\"\/>\n","protected":false},"excerpt":{"rendered":"<p>Wagen M\u00f6bel Je nach Bedarf bauen wir K\u00fcche, Bett, Tisch, Regale, Verschiedene Stauraum-m\u00f6glichkeiten etc. ein. M\u00f6bel wie z.B. Tisch oder Bett k\u00f6nnen freistehend sein oder eingebaut. Wagen Hobbit Sitzecke &#8211; Sitzbank mit Stauraum. Mit den Brettern k\u00f6nnen flexibel ein oder zwei Schlafebenen geschaffen werden. In diesem Wagen kann man Probewohnen. Mehr auf dem blog https:\/\/tompluess.ch\/hobbit\/ . Ofen Die sinnvollste und einfachste Variante einen Wagen zu beheizen\u00ad ist mit einem Holzofen oder -Herd. Dieser sollte nicht zu gross sein. Eine Leistung&#8230;<\/p>\n<p class=\"read-more\"><a class=\"btn btn-default\" href=\"https:\/\/holzlabor.org\/fr\/wagenbau\/einbauten\/\">Lire la suite<span class=\"screen-reader-text\"> Lire la suite<\/span><\/a><\/p>\n","protected":false},"author":1,"featured_media":0,"parent":3076,"menu_order":0,"comment_status":"closed","ping_status":"closed","template":"","meta":{"_themeisle_gutenberg_block_has_review":false,"_vp_format_video_url":"","_vp_image_focal_point":[],"footnotes":""},"class_list":["post-2945","page","type-page","status-publish","hentry"],"_links":{"self":[{"href":"https:\/\/holzlabor.org\/fr\/wp-json\/wp\/v2\/pages\/2945","targetHints":{"allow":["GET"]}}],"collection":[{"href":"https:\/\/holzlabor.org\/fr\/wp-json\/wp\/v2\/pages"}],"about":[{"href":"https:\/\/holzlabor.org\/fr\/wp-json\/wp\/v2\/types\/page"}],"author":[{"embeddable":true,"href":"https:\/\/holzlabor.org\/fr\/wp-json\/wp\/v2\/users\/1"}],"replies":[{"embeddable":true,"href":"https:\/\/holzlabor.org\/fr\/wp-json\/wp\/v2\/comments?post=2945"}],"version-history":[{"count":9,"href":"https:\/\/holzlabor.org\/fr\/wp-json\/wp\/v2\/pages\/2945\/revisions"}],"predecessor-version":[{"id":3158,"href":"https:\/\/holzlabor.org\/fr\/wp-json\/wp\/v2\/pages\/2945\/revisions\/3158"}],"up":[{"embeddable":true,"href":"https:\/\/holzlabor.org\/fr\/wp-json\/wp\/v2\/pages\/3076"}],"wp:attachment":[{"href":"https:\/\/holzlabor.org\/fr\/wp-json\/wp\/v2\/media?parent=2945"}],"curies":[{"name":"wp","href":"https:\/\/api.w.org\/{rel}","templated":true}]}}